{"id":14338,"date":"2022-04-07T17:27:25","date_gmt":"2022-04-07T17:27:25","guid":{"rendered":"https:\/\/raqqa-museum.com\/tekeli\/"},"modified":"2024-06-12T11:56:02","modified_gmt":"2024-06-12T11:56:02","slug":"tekeli","status":"publish","type":"page","link":"https:\/\/raqqa-museum.com\/ku\/tekeli\/","title":{"rendered":"T\u00eakel\u00ee"},"content":{"rendered":"\t\t<div data-elementor-type=\"wp-page\" data-elementor-id=\"14338\" class=\"elementor elementor-14338 elementor-8426\" data-elementor-post-type=\"page\">\n\t\t\t\t\t\t<section data-custom-animations=\"true\" data-ca-options=\"{&quot;addChildTimelines&quot;:false,&quot;animationTarget&quot;:&quot;:scope &gt; .elementor-container &gt; .elementor-column&quot;,&quot;ease&quot;:[&quot;power4.out&quot;],&quot;initValues&quot;:[],&quot;animations&quot;:[]}\" class=\"elementor-section elementor-top-section elementor-element elementor-element-363248a5 elementor-section-content-middle elementor-section-boxed elementor-section-height-default elementor-section-height-default\" data-id=\"363248a5\" data-element_type=\"section\">\n\t\t\t\t\t\t<div class=\"elementor-container elementor-column-gap-default\">\n\t\t\t\t\t<div class=\"elementor-column elementor-col-100 elementor-top-column elementor-element elementor-element-26cd2251\" data-id=\"26cd2251\" data-element_type=\"column\">\n\t\t\t<div class=\"elementor-widget-wrap elementor-element-populated\">\n\t\t\t\t\t\t<div class=\"elementor-element elementor-element-3eabbcd2 elementor-widget__width-auto elementor-widget elementor-widget-hub_fancy_heading\" data-id=\"3eabbcd2\" data-element_type=\"widget\" data-widget_type=\"hub_fancy_heading.default\">\n\t\t\t\t<div class=\"elementor-widget-container\">\n\t\t\t\t\t\n\t\t<div id=\"ld-fancy-heading-69d0b839c68e4\" class=\"ld-fancy-heading pos-rel\">\n\t\t\t<h6 class=\"ld-fh-element d-inline-block pos-rel  elementor-heading-title lqd-highlight-classic lqd-highlight-grow-left h6\"  > T\u00caKEL\u00ce<\/h6>\t\t<\/div>\n\n\t\t\t\t\t\t<\/div>\n\t\t\t\t<\/div>\n\t\t\t\t\t<\/div>\n\t\t<\/div>\n\t\t\t\t<div class=\"elementor-column elementor-col-100 elementor-top-column elementor-element elementor-element-3d0a87c6\" data-id=\"3d0a87c6\" data-element_type=\"column\">\n\t\t\t<div class=\"elementor-widget-wrap elementor-element-populated\">\n\t\t\t\t\t\t<div class=\"elementor-element elementor-element-02bb643 elementor-widget elementor-widget-hub_fancy_heading\" data-id=\"02bb643\" data-element_type=\"widget\" data-widget_type=\"hub_fancy_heading.default\">\n\t\t\t\t<div class=\"elementor-widget-container\">\n\t\t\t\t\t\n\t\t<div id=\"ld-fancy-heading-69d0b839c6ff1\" class=\"ld-fancy-heading pos-rel\">\n\t\t\t<h1 class=\"ld-fh-element d-inline-block pos-rel  elementor-heading-title lqd-highlight-classic lqd-highlight-grow-left h1\"  > Projeyek hebe<\/h1>\t\t<\/div>\n\n\t\t\t\t\t\t<\/div>\n\t\t\t\t<\/div>\n\t\t\t\t<div class=\"elementor-element elementor-element-cf6fbb2 elementor-widget elementor-widget-hub_fancy_heading\" data-id=\"cf6fbb2\" data-element_type=\"widget\" data-widget_type=\"hub_fancy_heading.default\">\n\t\t\t\t<div class=\"elementor-widget-container\">\n\t\t\t\t\t\n\t\t<div id=\"ld-fancy-heading-69d0b839c7373\" class=\"ld-fancy-heading pos-rel\">\n\t\t\t<h1 class=\"ld-fh-element d-inline-block pos-rel  elementor-heading-title lqd-highlight-classic lqd-highlight-grow-left h1\"  > di hi\u015f\u00ea xwe de?<\/h1>\t\t<\/div>\n\n\t\t\t\t\t\t<\/div>\n\t\t\t\t<\/div>\n\t\t\t\t\t<\/div>\n\t\t<\/div>\n\t\t\t\t<div class=\"elementor-column elementor-col-100 elementor-top-column elementor-element elementor-element-54e6263c\" data-id=\"54e6263c\" data-element_type=\"column\">\n\t\t\t<div class=\"elementor-widget-wrap\">\n\t\t\t\t\t\t\t<\/div>\n\t\t<\/div>\n\t\t\t\t\t<\/div>\n\t\t<\/section>\n\t\t\t\t<section data-parallax=\"true\" data-parallax-options=\"{&quot;ease&quot;:[&quot;linear&quot;],&quot;start&quot;:&quot;top top&quot;,&quot;end&quot;:&quot;bottom+=0px top&quot;}\" data-parallax-from=\"{&quot;y&quot;:&quot;0px&quot;,&quot;scaleX&quot;:1,&quot;scaleY&quot;:1,&quot;opacity&quot;:1}\" data-parallax-to=\"{&quot;y&quot;:&quot;-50px&quot;,&quot;scaleX&quot;:1.1,&quot;scaleY&quot;:1.1,&quot;opacity&quot;:0}\" class=\"elementor-section elementor-top-section elementor-element elementor-element-4609f3f2 elementor-section-full_width elementor-section-height-default elementor-section-height-default\" data-id=\"4609f3f2\" data-element_type=\"section\" data-settings=\"{&quot;background_background&quot;:&quot;classic&quot;}\">\n\t\t\t\t\t\t<div class=\"elementor-container elementor-column-gap-no\">\n\t\t\t\t\t<div class=\"elementor-column elementor-col-100 elementor-top-column elementor-element elementor-element-749554d3\" data-id=\"749554d3\" data-element_type=\"column\">\n\t\t\t<div class=\"elementor-widget-wrap elementor-element-populated\">\n\t\t\t\t\t\t<div class=\"elementor-element elementor-element-788b540 elementor-widget elementor-widget-ld_google_map\" data-id=\"788b540\" data-element_type=\"widget\" data-widget_type=\"ld_google_map.default\">\n\t\t\t\t<div class=\"elementor-widget-container\">\n\t\t\t\t\t\n\t\t\t<div class=\"ld-gmap-container pos-rel\">\n\t\t\t\t<div class=\"ld-gmap h-100\" data-plugin-map=\"true\" data-plugin-options='{\"style\":\"shadesOfGray\",\"address\":\"7420 Shore Rd, Brooklyn, NY 11209, USA\",\"marker_style\":\"html\",\"markers\":null,\"map\":{\"zoom\":16,\"mapTypeId\":\"roadmap\",\"zoomControl\":true}}'><\/div>\n\n\t\t\t\t\n\t\t\t<\/div>\n\n\t\t\t\t\t\t<\/div>\n\t\t\t\t<\/div>\n\t\t\t\t\t<\/div>\n\t\t<\/div>\n\t\t\t\t\t<\/div>\n\t\t<\/section>\n\t\t\t\t<section class=\"elementor-section elementor-top-section elementor-element elementor-element-8bb751b elementor-section-content-middle elementor-section-boxed elementor-section-height-default elementor-section-height-default\" data-id=\"8bb751b\" data-element_type=\"section\">\n\t\t\t\t\t\t<div class=\"elementor-container elementor-column-gap-default\">\n\t\t\t\t\t<div class=\"elementor-column elementor-col-100 elementor-top-column elementor-element elementor-element-a6eaf33\" data-id=\"a6eaf33\" data-element_type=\"column\">\n\t\t\t<div class=\"elementor-widget-wrap elementor-element-populated\">\n\t\t\t\t\t\t<div class=\"elementor-element elementor-element-7178da3b elementor-widget elementor-widget-ld_cf722\" data-id=\"7178da3b\" data-element_type=\"widget\" data-widget_type=\"ld_cf722.default\">\n\t\t\t\t<div class=\"elementor-widget-container\">\n\t\t\t\t\t\n\t<div class=\"lqd-contact-form lqd-contact-form-inputs-underlined lqd-contact-form-inputs-border-none lqd-contact-form-button-block lqd-contact-form-button-lg lqd-contact-form-inputs-sm\" >\n\t\t\n<div class=\"wpcf7 no-js\" id=\"wpcf7-f8435-o1\" lang=\"en-US\" dir=\"ltr\" data-wpcf7-id=\"8435\">\n<div class=\"screen-reader-response\"><p role=\"status\" aria-live=\"polite\" aria-atomic=\"true\"><\/p> <ul><\/ul><\/div>\n<form action=\"\/ku\/wp-json\/wp\/v2\/pages\/14338#wpcf7-f8435-o1\" method=\"post\" class=\"wpcf7-form init\" aria-label=\"Contact form\" novalidate=\"novalidate\" data-status=\"init\">\n<div style=\"display: none;\">\n<input type=\"hidden\" name=\"_wpcf7\" value=\"8435\" \/>\n<input type=\"hidden\" name=\"_wpcf7_version\" value=\"6.0.5\" \/>\n<input type=\"hidden\" name=\"_wpcf7_locale\" value=\"en_US\" \/>\n<input type=\"hidden\" name=\"_wpcf7_unit_tag\" value=\"wpcf7-f8435-o1\" \/>\n<input type=\"hidden\" name=\"_wpcf7_container_post\" value=\"0\" \/>\n<input type=\"hidden\" name=\"_wpcf7_posted_data_hash\" value=\"\" \/>\n<\/div>\n<style>\n@media (max-width:991px){.modal-b{border:1px solid #c6c6c6!important}}\n.modal-b{\nborder:1px solid #c6c6c6;\n}\n.modal-bl-n{\nborder-left:none;\n}\n.modal-bb-n{\nborder-bottom:none;\n}\n.modal-p{\npadding:20px 15px 15px;\n}\n.modal-text{\nmargin: 0; color: #4B4B4C; font-size: 14px;\n}\n<\/style>\n<div class=\"row\" style=\"margin: 0;\">\n\t<div class=\"col-md-6 modal-p modal-b modal-bb-n\">\n\t\t<p class=\"modal-text\">Nice to meet you\n\t\t<\/p>\n\t\t<p><span class=\"wpcf7-form-control-wrap\" data-name=\"your-name\"><input size=\"40\" maxlength=\"400\" class=\"wpcf7-form-control wpcf7-text wpcf7-validates-as-required\" aria-required=\"true\" aria-invalid=\"false\" placeholder=\"What&#039;s your name?\" value=\"\" type=\"text\" name=\"your-name\" \/><\/span>\n\t\t<\/p>\n\t<\/div>\n\t<div class=\"col-md-6 modal-p modal-b modal-bb-n modal-bl-n\">\n\t\t<p class=\"modal-text\">Email address\n\t\t<\/p>\n\t\t<p><span class=\"wpcf7-form-control-wrap\" data-name=\"your-email\"><input size=\"40\" maxlength=\"400\" class=\"wpcf7-form-control wpcf7-email wpcf7-validates-as-required wpcf7-text wpcf7-validates-as-email\" aria-required=\"true\" aria-invalid=\"false\" placeholder=\"Enter your email address\" value=\"\" type=\"email\" name=\"your-email\" \/><\/span>\n\t\t<\/p>\n\t<\/div>\n\t<div class=\"col-md-6 modal-p modal-b modal-bb-n\">\n\t\t<p class=\"modal-text\">Optional\n\t\t<\/p>\n\t\t<p><span class=\"wpcf7-form-control-wrap\" data-name=\"your-tel\"><input size=\"40\" maxlength=\"400\" class=\"wpcf7-form-control wpcf7-tel wpcf7-validates-as-required wpcf7-text wpcf7-validates-as-tel\" aria-required=\"true\" aria-invalid=\"false\" placeholder=\"Your phone number\" value=\"\" type=\"tel\" name=\"your-tel\" \/><\/span>\n\t\t<\/p>\n\t<\/div>\n\t<div class=\"col-md-6 modal-p modal-b modal-bb-n modal-bl-n\">\n\t\t<p class=\"modal-text\">Subject\n\t\t<\/p>\n\t\t<p><span class=\"wpcf7-form-control-wrap\" data-name=\"your-subject\"><select class=\"wpcf7-form-control wpcf7-select wpcf7-validates-as-required\" aria-required=\"true\" aria-invalid=\"false\" name=\"your-subject\"><option value=\"How can I help you?\">How can I help you?<\/option><option value=\"Subject 1\">Subject 1<\/option><option value=\"Subject 2\">Subject 2<\/option><option value=\"Subject 3\">Subject 3<\/option><\/select><\/span>\n\t\t<\/p>\n\t<\/div>\n\t<div class=\"col-md-6 modal-p modal-b modal-bb-n\">\n\t\t<p class=\"modal-text\">Budget\n\t\t<\/p>\n\t\t<p><span class=\"wpcf7-form-control-wrap\" data-name=\"your-budget\"><select class=\"wpcf7-form-control wpcf7-select wpcf7-validates-as-required\" aria-required=\"true\" aria-invalid=\"false\" name=\"your-budget\"><option value=\"Your budget\">Your budget<\/option><option value=\"&lt; $1000\">&lt; $1000<\/option><option value=\"&lt; $2000\">&lt; $2000<\/option><option value=\"&lt; $3000\">&lt; $3000<\/option><\/select><\/span>\n\t\t<\/p>\n\t<\/div>\n\t<div class=\"col-md-6 modal-p modal-b modal-bb-n modal-bl-n\">\n\t\t<p class=\"modal-text\">Interested Service\n\t\t<\/p>\n\t\t<p><span class=\"wpcf7-form-control-wrap\" data-name=\"your-cons\"><input size=\"40\" maxlength=\"400\" class=\"wpcf7-form-control wpcf7-text wpcf7-validates-as-required\" aria-required=\"true\" aria-invalid=\"false\" placeholder=\"Construction\" value=\"\" type=\"text\" name=\"your-cons\" \/><\/span>\n\t\t<\/p>\n\t<\/div>\n\t<div class=\"col-md-12 modal-p modal-b\">\n\t\t<p class=\"modal-text\">Your name\n\t\t<\/p>\n\t\t<p><span class=\"wpcf7-form-control-wrap\" data-name=\"your-message\"><textarea cols=\"40\" rows=\"10\" maxlength=\"2000\" class=\"wpcf7-form-control wpcf7-textarea wpcf7-validates-as-required\" aria-required=\"true\" aria-invalid=\"false\" placeholder=\"Tell us about your project\" name=\"your-message\"><\/textarea><\/span>\n\t\t<\/p>\n\t<\/div>\n\t<div class=\"col-md-12\" style=\"font-size: 12px; padding: 0; margin: 1.75em 0;\">\n\t\t<p><span class=\"wpcf7-form-control-wrap\" data-name=\"acceptance-860\"><span class=\"wpcf7-form-control wpcf7-acceptance\"><span class=\"wpcf7-list-item\"><label><input type=\"checkbox\" name=\"acceptance-860\" value=\"1\" aria-invalid=\"false\" \/><span class=\"wpcf7-list-item-label\">I am bound by the terms of the Service I accept Privacy Policy<\/span><\/label><\/span><\/span><\/span>\n\t\t<\/p>\n\t<\/div>\n\t<div class=\"col-md-12\" style=\"padding: 0;\">\n\t\t<p><input class=\"wpcf7-form-control wpcf7-submit has-spinner\" type=\"submit\" value=\"Send Message\" \/>\n\t\t<\/p>\n\t<\/div>\n<\/div><div class=\"wpcf7-response-output\" aria-hidden=\"true\"><\/div>\n<\/form>\n<\/div>\n\t<\/div>\n\n\t\t\t\t\t<\/div>\n\t\t\t\t<\/div>\n\t\t\t\t\t<\/div>\n\t\t<\/div>\n\t\t\t\t\t<\/div>\n\t\t<\/section>\n\t\t\t\t<\/div>\n\t\t","protected":false},"excerpt":{"rendered":"<p>T\u00caKEL\u00ce Projeyek hebe di hi\u015f\u00ea xwe de? Nice to meet you Email address Optional Subject How can I help you?Subject 1Subject 2Subject 3 Budget Your budget&lt; $1000&lt; $2000&lt; $3000 Interested Service Your name I am bound by the terms of the Service I accept Privacy Policy<\/p>\n","protected":false},"author":1,"featured_media":0,"parent":0,"menu_order":0,"comment_status":"closed","ping_status":"closed","template":"","meta":{"footnotes":""},"class_list":["post-14338","page","type-page","status-publish","hentry"],"_links":{"self":[{"href":"https:\/\/raqqa-museum.com\/ku\/wp-json\/wp\/v2\/pages\/14338","targetHints":{"allow":["GET"]}}],"collection":[{"href":"https:\/\/raqqa-museum.com\/ku\/wp-json\/wp\/v2\/pages"}],"about":[{"href":"https:\/\/raqqa-museum.com\/ku\/wp-json\/wp\/v2\/types\/page"}],"author":[{"embeddable":true,"href":"https:\/\/raqqa-museum.com\/ku\/wp-json\/wp\/v2\/users\/1"}],"replies":[{"embeddable":true,"href":"https:\/\/raqqa-museum.com\/ku\/wp-json\/wp\/v2\/comments?post=14338"}],"version-history":[{"count":3,"href":"https:\/\/raqqa-museum.com\/ku\/wp-json\/wp\/v2\/pages\/14338\/revisions"}],"predecessor-version":[{"id":14344,"href":"https:\/\/raqqa-museum.com\/ku\/wp-json\/wp\/v2\/pages\/14338\/revisions\/14344"}],"wp:attachment":[{"href":"https:\/\/raqqa-museum.com\/ku\/wp-json\/wp\/v2\/media?parent=14338"}],"curies":[{"name":"wp","href":"https:\/\/api.w.org\/{rel}","templated":true}]}}