{"id":14340,"date":"2022-04-08T14:36:53","date_gmt":"2022-04-08T14:36:53","guid":{"rendered":"https:\/\/raqqa-museum.com\/pesangeh\/"},"modified":"2024-10-28T14:49:50","modified_gmt":"2024-10-28T14:49:50","slug":"pesangeh","status":"publish","type":"page","link":"https:\/\/raqqa-museum.com\/ku\/pesangeh\/","title":{"rendered":"P\u00ea\u015fangeh"},"content":{"rendered":"\t\t<div data-elementor-type=\"wp-page\" data-elementor-id=\"14340\" class=\"elementor elementor-14340 elementor-8481\" data-elementor-post-type=\"page\">\n\t\t\t\t\t\t<section class=\"elementor-section elementor-top-section elementor-element elementor-element-cb93319 elementor-section-boxed elementor-section-height-default elementor-section-height-default\" data-id=\"cb93319\" data-element_type=\"section\">\n\t\t\t\t\t\t<div class=\"elementor-container elementor-column-gap-extended\">\n\t\t\t\t\t<div class=\"elementor-column elementor-col-50 elementor-top-column elementor-element elementor-element-5efc945\" data-id=\"5efc945\" data-element_type=\"column\">\n\t\t\t<div class=\"elementor-widget-wrap elementor-element-populated\">\n\t\t\t\t\t\t<div class=\"elementor-element elementor-element-374be94 elementor-widget__width-auto elementor-widget elementor-widget-hub_fancy_heading\" data-id=\"374be94\" data-element_type=\"widget\" data-widget_type=\"hub_fancy_heading.default\">\n\t\t\t\t<div class=\"elementor-widget-container\">\n\t\t\t\t\t\n\t\t<div id=\"ld-fancy-heading-69dbb2c544445\" class=\"ld-fancy-heading pos-rel\">\n\t\t\t<h6 class=\"ld-fh-element d-inline-block pos-rel  elementor-heading-title lqd-highlight-classic lqd-highlight-grow-left h6\"  > Reqqa<\/h6>\t\t<\/div>\n\n\t\t\t\t\t\t<\/div>\n\t\t\t\t<\/div>\n\t\t\t\t<div class=\"elementor-element elementor-element-70c7c63 elementor-widget elementor-widget-hub_fancy_heading\" data-id=\"70c7c63\" data-element_type=\"widget\" data-widget_type=\"hub_fancy_heading.default\">\n\t\t\t\t<div class=\"elementor-widget-container\">\n\t\t\t\t\t\n\t\t<div id=\"ld-fancy-heading-69dbb2c544898\" class=\"ld-fancy-heading pos-rel\">\n\t\t\t<h1 class=\"ld-fh-element d-inline-block pos-rel  elementor-heading-title lqd-highlight-classic lqd-highlight-grow-left h1\"  > Demek ber\u00ea<\/h1>\t\t<\/div>\n\n\t\t\t\t\t\t<\/div>\n\t\t\t\t<\/div>\n\t\t\t\t<div class=\"elementor-element elementor-element-0984969 elementor-widget elementor-widget-hub_fancy_heading\" data-id=\"0984969\" data-element_type=\"widget\" data-widget_type=\"hub_fancy_heading.default\">\n\t\t\t\t<div class=\"elementor-widget-container\">\n\t\t\t\t\t\n\t\t<div id=\"ld-fancy-heading-69dbb2c544c8e\" class=\"ld-fancy-heading pos-rel\">\n\t\t\t<h1 class=\"ld-fh-element d-inline-block pos-rel  elementor-heading-title lqd-highlight-classic lqd-highlight-grow-left h1\"  > P\u00ea\u015fangeh<\/h1>\t\t<\/div>\n\n\t\t\t\t\t\t<\/div>\n\t\t\t\t<\/div>\n\t\t\t\t\t<\/div>\n\t\t<\/div>\n\t\t\t\t<div class=\"elementor-column elementor-col-50 elementor-top-column elementor-element elementor-element-5455a85\" data-id=\"5455a85\" data-element_type=\"column\">\n\t\t\t<div class=\"elementor-widget-wrap\">\n\t\t\t\t\t\t\t<\/div>\n\t\t<\/div>\n\t\t\t\t\t<\/div>\n\t\t<\/section>\n\t\t\t\t<section class=\"elementor-section elementor-top-section elementor-element elementor-element-1c5b5c99 elementor-section-boxed elementor-section-height-default elementor-section-height-default\" data-id=\"1c5b5c99\" data-element_type=\"section\">\n\t\t\t\t\t\t<div class=\"elementor-container elementor-column-gap-default\">\n\t\t\t\t\t<div class=\"elementor-column elementor-col-100 elementor-top-column elementor-element elementor-element-1ac2f995\" data-id=\"1ac2f995\" data-element_type=\"column\">\n\t\t\t<div class=\"elementor-widget-wrap elementor-element-populated\">\n\t\t\t\t\t\t<div class=\"elementor-element elementor-element-31287a94 elementor-widget elementor-widget-ld_portfolio\" data-id=\"31287a94\" data-element_type=\"widget\" data-widget_type=\"ld_portfolio.default\">\n\t\t\t\t<div class=\"elementor-widget-container\">\n\t\t\t\t\t<div class=\"lqd-pf-grid lqd-pf-grid-31287a94\"><div id=\"lqd-pf-grid-31287a94\" class=\"lqd-pf-row row d-flex flex-wrap lqd-pf-grid-31287a94\" data-liquid-masonry=\"true\" data-masonry-options='{ \"layoutMode\": \"packery\" }'><div class=\"lqd-pf-column col-md-4 col-sm-6 col-xs-12 col-sm-6 col-xs-12 masonry-item provenance-ku-2\">\n\n\t<article id=\"post-14450\" class=\"lqd-pf-item lqd-pf-item-style-2 lqd-pf-overlay-bg-scale lqd-pf-color-custom pf-details-h-str post-14450 liquid-portfolio type-liquid-portfolio status-publish format-standard has-post-thumbnail hentry liquid-portfolio-category-provenance-ku-2\">\n\t\t<div class=\"lqd-pf-item-inner\">\n\n\t\t\t<div class=\"lqd-pf-img mb-3 pos-rel border-radius-6 overflow-hidden\">\n\t\t\t\t<figure>\n\t\t\t\t\t<figure  class=\"w-100\"><img fetchpriority=\"high\" decoding=\"async\" width=\"720\" height=\"946\" src=\"https:\/\/raqqa-museum.com\/wp-content\/uploads\/2024\/03\/Animal-Farm.png\" class=\"w-100 wp-post-image\" alt=\"\" srcset=\"https:\/\/raqqa-museum.com\/wp-content\/uploads\/2024\/03\/Animal-Farm.png 720w, https:\/\/raqqa-museum.com\/wp-content\/uploads\/2024\/03\/Animal-Farm-228x300.png 228w\" sizes=\"(max-width: 720px) 100vw, 720px\" \/><\/figure>\t\t\t\t<\/figure>\n\t\t\t\t<span class=\"lqd-pf-overlay-bg lqd-overlay d-flex align-items-center justify-content-center\">\n\t\t\t\t\t<i class=\"lqd-icn-ess icon-md-arrow-forward\"><\/i>\n\t\t\t\t<\/span>\n\t\t\t<\/div>\n\n\t\t\t<div class=\"lqd-pf-details\">\n\t\t\t\t\t\t\t\t<h2 class=\"lqd-pf-title mt-0 mb-1 h5\">\u00c7ewlika Ajalan<\/h2>\t\t\t\t<ul class=\"reset-ul inline-nav lqd-pf-cat lqd-lp-cat d-inline-flex pos-rel z-index-2\"><li><a href=\"https:\/\/raqqa-museum.com\/ku\/portfolio-category\/provenance-ku-2\/\">Provenance<\/a><\/li><\/ul>\n\t\t\t<\/div>\n\n\t\t\t<a href=\"https:\/\/raqqa-museum.com\/ku\/portfolio\/cewlika-ajalan\/\"  class=\"lqd-overlay lqd-pf-overlay-link lqd-cc-icon-trigger\" data-cc-icon-color=\"\"><\/a>\n\t\t<\/div>\n\t<\/article>\n\n<\/div><div class=\"lqd-pf-column col-md-4 col-sm-6 col-xs-12 col-sm-6 col-xs-12 masonry-item lamps-ku-2\">\n\n\t<article id=\"post-14479\" class=\"lqd-pf-item lqd-pf-item-style-2 lqd-pf-overlay-bg-scale lqd-pf-color-custom pf-details-h-str post-14479 liquid-portfolio type-liquid-portfolio status-publish format-standard has-post-thumbnail hentry liquid-portfolio-category-lamps-ku-2\">\n\t\t<div class=\"lqd-pf-item-inner\">\n\n\t\t\t<div class=\"lqd-pf-img mb-3 pos-rel border-radius-6 overflow-hidden\">\n\t\t\t\t<figure>\n\t\t\t\t\t<figure  class=\"w-100\"><img decoding=\"async\" width=\"728\" height=\"954\" src=\"data:image\/svg+xml;charset=utf-8,%3Csvg xmlns%3D&#039;http%3A%2F%2Fwww.w3.org%2F2000%2Fsvg&#039; viewBox%3D&#039;0 0 728 954&#039;%2F%3E\" class=\"w-100 ld-lazyload wp-post-image\" alt=\"\" data-src=\"https:\/\/raqqa-museum.com\/wp-content\/uploads\/2024\/03\/Everyday-Life-Jewellery-2-1.png\" data-srcset=\"https:\/\/raqqa-museum.com\/wp-content\/uploads\/2024\/03\/Everyday-Life-Jewellery-2-1.png 728w, https:\/\/raqqa-museum.com\/wp-content\/uploads\/2024\/03\/Everyday-Life-Jewellery-2-1-229x300.png 229w\" data-sizes=\"(max-width: 728px) 100vw, 728px\" data-aspect=\"0.76310272536688\" \/><\/figure>\t\t\t\t<\/figure>\n\t\t\t\t<span class=\"lqd-pf-overlay-bg lqd-overlay d-flex align-items-center justify-content-center\">\n\t\t\t\t\t<i class=\"lqd-icn-ess icon-md-arrow-forward\"><\/i>\n\t\t\t\t<\/span>\n\t\t\t<\/div>\n\n\t\t\t<div class=\"lqd-pf-details\">\n\t\t\t\t\t\t\t\t<h2 class=\"lqd-pf-title mt-0 mb-1 h5\">Der\u00e7\u00fbna ji nav tar\u00eey\u00ea: Ronah\u00ee<\/h2>\t\t\t\t<ul class=\"reset-ul inline-nav lqd-pf-cat lqd-lp-cat d-inline-flex pos-rel z-index-2\"><li><a href=\"https:\/\/raqqa-museum.com\/ku\/portfolio-category\/lamps-ku-2\/\">Lamps<\/a><\/li><\/ul>\n\t\t\t<\/div>\n\n\t\t\t<a href=\"https:\/\/raqqa-museum.com\/ku\/portfolio\/dercuna-ji-nav-tariye-ronahi\/\"  class=\"lqd-overlay lqd-pf-overlay-link lqd-cc-icon-trigger\" data-cc-icon-color=\"\"><\/a>\n\t\t<\/div>\n\t<\/article>\n\n<\/div><div class=\"lqd-pf-column col-md-4 col-sm-6 col-xs-12 col-sm-6 col-xs-12 masonry-item cam-ku\">\n\n\t<article id=\"post-14452\" class=\"lqd-pf-item lqd-pf-item-style-2 lqd-pf-overlay-bg-scale lqd-pf-color-custom pf-details-h-str post-14452 liquid-portfolio type-liquid-portfolio status-publish format-standard has-post-thumbnail hentry liquid-portfolio-category-cam-ku\">\n\t\t<div class=\"lqd-pf-item-inner\">\n\n\t\t\t<div class=\"lqd-pf-img mb-3 pos-rel border-radius-6 overflow-hidden\">\n\t\t\t\t<figure>\n\t\t\t\t\t<figure  class=\"w-100\"><img decoding=\"async\" width=\"720\" height=\"946\" src=\"data:image\/svg+xml;charset=utf-8,%3Csvg xmlns%3D&#039;http%3A%2F%2Fwww.w3.org%2F2000%2Fsvg&#039; viewBox%3D&#039;0 0 720 946&#039;%2F%3E\" class=\"w-100 ld-lazyload wp-post-image\" alt=\"\" data-src=\"https:\/\/raqqa-museum.com\/wp-content\/uploads\/2024\/03\/Another-Aspect-of-Lighting.png\" data-srcset=\"https:\/\/raqqa-museum.com\/wp-content\/uploads\/2024\/03\/Another-Aspect-of-Lighting.png 720w, https:\/\/raqqa-museum.com\/wp-content\/uploads\/2024\/03\/Another-Aspect-of-Lighting-228x300.png 228w\" data-sizes=\"(max-width: 720px) 100vw, 720px\" data-aspect=\"0.76109936575053\" \/><\/figure>\t\t\t\t<\/figure>\n\t\t\t\t<span class=\"lqd-pf-overlay-bg lqd-overlay d-flex align-items-center justify-content-center\">\n\t\t\t\t\t<i class=\"lqd-icn-ess icon-md-arrow-forward\"><\/i>\n\t\t\t\t<\/span>\n\t\t\t<\/div>\n\n\t\t\t<div class=\"lqd-pf-details\">\n\t\t\t\t\t\t\t\t<h2 class=\"lqd-pf-title mt-0 mb-1 h5\">Aliyek din a ronahiy\u00ea<\/h2>\t\t\t\t<ul class=\"reset-ul inline-nav lqd-pf-cat lqd-lp-cat d-inline-flex pos-rel z-index-2\"><li><a href=\"https:\/\/raqqa-museum.com\/ku\/portfolio-category\/cam-ku\/\">Cam<\/a><\/li><\/ul>\n\t\t\t<\/div>\n\n\t\t\t<a href=\"https:\/\/raqqa-museum.com\/ku\/portfolio\/aliyeki-din-e-ronahiye\/\"  class=\"lqd-overlay lqd-pf-overlay-link lqd-cc-icon-trigger\" data-cc-icon-color=\"\"><\/a>\n\t\t<\/div>\n\t<\/article>\n\n<\/div><div class=\"lqd-pf-column col-md-4 col-sm-6 col-xs-12 col-sm-6 col-xs-12 masonry-item reqqa-ku\">\n\n\t<article id=\"post-14454\" class=\"lqd-pf-item lqd-pf-item-style-2 lqd-pf-overlay-bg-scale lqd-pf-color-custom pf-details-h-str post-14454 liquid-portfolio type-liquid-portfolio status-publish format-standard has-post-thumbnail hentry liquid-portfolio-category-reqqa-ku\">\n\t\t<div class=\"lqd-pf-item-inner\">\n\n\t\t\t<div class=\"lqd-pf-img mb-3 pos-rel border-radius-6 overflow-hidden\">\n\t\t\t\t<figure>\n\t\t\t\t\t<figure  class=\"w-100\"><img loading=\"lazy\" decoding=\"async\" width=\"728\" height=\"954\" src=\"data:image\/svg+xml;charset=utf-8,%3Csvg xmlns%3D&#039;http%3A%2F%2Fwww.w3.org%2F2000%2Fsvg&#039; viewBox%3D&#039;0 0 728 954&#039;%2F%3E\" class=\"w-100 ld-lazyload wp-post-image\" alt=\"\" data-src=\"https:\/\/raqqa-museum.com\/wp-content\/uploads\/2024\/03\/Out-of-the-Dark-1.png\" data-srcset=\"https:\/\/raqqa-museum.com\/wp-content\/uploads\/2024\/03\/Out-of-the-Dark-1.png 728w, https:\/\/raqqa-museum.com\/wp-content\/uploads\/2024\/03\/Out-of-the-Dark-1-229x300.png 229w\" data-sizes=\"(max-width: 728px) 100vw, 728px\" data-aspect=\"0.76310272536688\" \/><\/figure>\t\t\t\t<\/figure>\n\t\t\t\t<span class=\"lqd-pf-overlay-bg lqd-overlay d-flex align-items-center justify-content-center\">\n\t\t\t\t\t<i class=\"lqd-icn-ess icon-md-arrow-forward\"><\/i>\n\t\t\t\t<\/span>\n\t\t\t<\/div>\n\n\t\t\t<div class=\"lqd-pf-details\">\n\t\t\t\t\t\t\t\t<h2 class=\"lqd-pf-title mt-0 mb-1 h5\">Xan\u00ee \u00fb Gulistan\u00ean \u00c7aktir<\/h2>\t\t\t\t<ul class=\"reset-ul inline-nav lqd-pf-cat lqd-lp-cat d-inline-flex pos-rel z-index-2\"><li><a href=\"https:\/\/raqqa-museum.com\/ku\/portfolio-category\/reqqa-ku\/\">Reqqa<\/a><\/li><\/ul>\n\t\t\t<\/div>\n\n\t\t\t<a href=\"https:\/\/raqqa-museum.com\/ku\/portfolio\/xani-u-gulistanen-caktir\/\"  class=\"lqd-overlay lqd-pf-overlay-link lqd-cc-icon-trigger\" data-cc-icon-color=\"\"><\/a>\n\t\t<\/div>\n\t<\/article>\n\n<\/div><div class=\"lqd-pf-column col-md-4 col-sm-6 col-xs-12 col-sm-6 col-xs-12 masonry-item millennium-ku-2\">\n\n\t<article id=\"post-14466\" class=\"lqd-pf-item lqd-pf-item-style-2 lqd-pf-overlay-bg-scale lqd-pf-color-custom pf-details-h-str post-14466 liquid-portfolio type-liquid-portfolio status-publish format-standard has-post-thumbnail hentry liquid-portfolio-category-millennium-ku-2\">\n\t\t<div class=\"lqd-pf-item-inner\">\n\n\t\t\t<div class=\"lqd-pf-img mb-3 pos-rel border-radius-6 overflow-hidden\">\n\t\t\t\t<figure>\n\t\t\t\t\t<figure  class=\"w-100\"><img loading=\"lazy\" decoding=\"async\" width=\"720\" height=\"946\" src=\"data:image\/svg+xml;charset=utf-8,%3Csvg xmlns%3D&#039;http%3A%2F%2Fwww.w3.org%2F2000%2Fsvg&#039; viewBox%3D&#039;0 0 720 946&#039;%2F%3E\" class=\"w-100 ld-lazyload wp-post-image\" alt=\"\" data-src=\"https:\/\/raqqa-museum.com\/wp-content\/uploads\/2024\/03\/Deities-or-Humans-Terracotta.png\" data-srcset=\"https:\/\/raqqa-museum.com\/wp-content\/uploads\/2024\/03\/Deities-or-Humans-Terracotta.png 720w, https:\/\/raqqa-museum.com\/wp-content\/uploads\/2024\/03\/Deities-or-Humans-Terracotta-228x300.png 228w\" data-sizes=\"(max-width: 720px) 100vw, 720px\" data-aspect=\"0.76109936575053\" \/><\/figure>\t\t\t\t<\/figure>\n\t\t\t\t<span class=\"lqd-pf-overlay-bg lqd-overlay d-flex align-items-center justify-content-center\">\n\t\t\t\t\t<i class=\"lqd-icn-ess icon-md-arrow-forward\"><\/i>\n\t\t\t\t<\/span>\n\t\t\t<\/div>\n\n\t\t\t<div class=\"lqd-pf-details\">\n\t\t\t\t\t\t\t\t<h2 class=\"lqd-pf-title mt-0 mb-1 h5\">Xwedawend an Mirov<\/h2>\t\t\t\t<ul class=\"reset-ul inline-nav lqd-pf-cat lqd-lp-cat d-inline-flex pos-rel z-index-2\"><li><a href=\"https:\/\/raqqa-museum.com\/ku\/portfolio-category\/millennium-ku-2\/\">Millennium<\/a><\/li><\/ul>\n\t\t\t<\/div>\n\n\t\t\t<a href=\"https:\/\/raqqa-museum.com\/ku\/portfolio\/xwedawend-an-mirov\/\"  class=\"lqd-overlay lqd-pf-overlay-link lqd-cc-icon-trigger\" data-cc-icon-color=\"\"><\/a>\n\t\t<\/div>\n\t<\/article>\n\n<\/div><div class=\"lqd-pf-column col-md-4 col-sm-6 col-xs-12 col-sm-6 col-xs-12 masonry-item millennium-ku-2\">\n\n\t<article id=\"post-14462\" class=\"lqd-pf-item lqd-pf-item-style-2 lqd-pf-overlay-bg-scale lqd-pf-color-custom pf-details-h-str post-14462 liquid-portfolio type-liquid-portfolio status-publish format-standard has-post-thumbnail hentry liquid-portfolio-category-millennium-ku-2\">\n\t\t<div class=\"lqd-pf-item-inner\">\n\n\t\t\t<div class=\"lqd-pf-img mb-3 pos-rel border-radius-6 overflow-hidden\">\n\t\t\t\t<figure>\n\t\t\t\t\t<figure  class=\"w-100\"><img loading=\"lazy\" decoding=\"async\" width=\"720\" height=\"946\" src=\"data:image\/svg+xml;charset=utf-8,%3Csvg xmlns%3D&#039;http%3A%2F%2Fwww.w3.org%2F2000%2Fsvg&#039; viewBox%3D&#039;0 0 720 946&#039;%2F%3E\" class=\"w-100 ld-lazyload wp-post-image\" alt=\"\" data-src=\"https:\/\/raqqa-museum.com\/wp-content\/uploads\/2024\/03\/Frame-7.png\" data-srcset=\"https:\/\/raqqa-museum.com\/wp-content\/uploads\/2024\/03\/Frame-7.png 720w, https:\/\/raqqa-museum.com\/wp-content\/uploads\/2024\/03\/Frame-7-228x300.png 228w\" data-sizes=\"(max-width: 720px) 100vw, 720px\" data-aspect=\"0.76109936575053\" \/><\/figure>\t\t\t\t<\/figure>\n\t\t\t\t<span class=\"lqd-pf-overlay-bg lqd-overlay d-flex align-items-center justify-content-center\">\n\t\t\t\t\t<i class=\"lqd-icn-ess icon-md-arrow-forward\"><\/i>\n\t\t\t\t<\/span>\n\t\t\t<\/div>\n\n\t\t\t<div class=\"lqd-pf-details\">\n\t\t\t\t\t\t\t\t<h2 class=\"lqd-pf-title mt-0 mb-1 h5\">Jiyana rojane: kelupel\u00ean mal\u00ea<\/h2>\t\t\t\t<ul class=\"reset-ul inline-nav lqd-pf-cat lqd-lp-cat d-inline-flex pos-rel z-index-2\"><li><a href=\"https:\/\/raqqa-museum.com\/ku\/portfolio-category\/millennium-ku-2\/\">Millennium<\/a><\/li><\/ul>\n\t\t\t<\/div>\n\n\t\t\t<a href=\"https:\/\/raqqa-museum.com\/ku\/portfolio\/jiyana-rojane-kelupelen-male\/\"  class=\"lqd-overlay lqd-pf-overlay-link lqd-cc-icon-trigger\" data-cc-icon-color=\"\"><\/a>\n\t\t<\/div>\n\t<\/article>\n\n<\/div><div class=\"lqd-pf-column col-md-4 col-sm-6 col-xs-12 col-sm-6 col-xs-12 masonry-item tunc-ku\">\n\n\t<article id=\"post-14468\" class=\"lqd-pf-item lqd-pf-item-style-2 lqd-pf-overlay-bg-scale lqd-pf-color-custom pf-details-h-str post-14468 liquid-portfolio type-liquid-portfolio status-publish format-standard has-post-thumbnail hentry liquid-portfolio-category-tunc-ku\">\n\t\t<div class=\"lqd-pf-item-inner\">\n\n\t\t\t<div class=\"lqd-pf-img mb-3 pos-rel border-radius-6 overflow-hidden\">\n\t\t\t\t<figure>\n\t\t\t\t\t<figure  class=\"w-100\"><img loading=\"lazy\" decoding=\"async\" width=\"728\" height=\"954\" src=\"data:image\/svg+xml;charset=utf-8,%3Csvg xmlns%3D&#039;http%3A%2F%2Fwww.w3.org%2F2000%2Fsvg&#039; viewBox%3D&#039;0 0 728 954&#039;%2F%3E\" class=\"w-100 ld-lazyload wp-post-image\" alt=\"\" data-src=\"https:\/\/raqqa-museum.com\/wp-content\/uploads\/2024\/03\/Everyday-Life-Jewellery.png\" data-srcset=\"https:\/\/raqqa-museum.com\/wp-content\/uploads\/2024\/03\/Everyday-Life-Jewellery.png 728w, https:\/\/raqqa-museum.com\/wp-content\/uploads\/2024\/03\/Everyday-Life-Jewellery-229x300.png 229w\" data-sizes=\"(max-width: 728px) 100vw, 728px\" data-aspect=\"0.76310272536688\" \/><\/figure>\t\t\t\t<\/figure>\n\t\t\t\t<span class=\"lqd-pf-overlay-bg lqd-overlay d-flex align-items-center justify-content-center\">\n\t\t\t\t\t<i class=\"lqd-icn-ess icon-md-arrow-forward\"><\/i>\n\t\t\t\t<\/span>\n\t\t\t<\/div>\n\n\t\t\t<div class=\"lqd-pf-details\">\n\t\t\t\t\t\t\t\t<h2 class=\"lqd-pf-title mt-0 mb-1 h5\">Jiyana rojane: derz\u00ee \u00fb z\u00earuz\u00eawer<\/h2>\t\t\t\t<ul class=\"reset-ul inline-nav lqd-pf-cat lqd-lp-cat d-inline-flex pos-rel z-index-2\"><li><a href=\"https:\/\/raqqa-museum.com\/ku\/portfolio-category\/tunc-ku\/\">Tunc<\/a><\/li><\/ul>\n\t\t\t<\/div>\n\n\t\t\t<a href=\"https:\/\/raqqa-museum.com\/ku\/portfolio\/jiyana-rojane-derzi-u-zeruzewer\/\"  class=\"lqd-overlay lqd-pf-overlay-link lqd-cc-icon-trigger\" data-cc-icon-color=\"\"><\/a>\n\t\t<\/div>\n\t<\/article>\n\n<\/div><div class=\"lqd-pf-column col-md-4 col-sm-6 col-xs-12 col-sm-6 col-xs-12 masonry-item mausoleum-ku-2\">\n\n\t<article id=\"post-14470\" class=\"lqd-pf-item lqd-pf-item-style-2 lqd-pf-overlay-bg-scale lqd-pf-color-custom pf-details-h-str post-14470 liquid-portfolio type-liquid-portfolio status-publish format-standard has-post-thumbnail hentry liquid-portfolio-category-mausoleum-ku-2\">\n\t\t<div class=\"lqd-pf-item-inner\">\n\n\t\t\t<div class=\"lqd-pf-img mb-3 pos-rel border-radius-6 overflow-hidden\">\n\t\t\t\t<figure>\n\t\t\t\t\t<figure  class=\"w-100\"><img loading=\"lazy\" decoding=\"async\" width=\"728\" height=\"954\" src=\"data:image\/svg+xml;charset=utf-8,%3Csvg xmlns%3D&#039;http%3A%2F%2Fwww.w3.org%2F2000%2Fsvg&#039; viewBox%3D&#039;0 0 728 954&#039;%2F%3E\" class=\"w-100 ld-lazyload wp-post-image\" alt=\"\" data-src=\"https:\/\/raqqa-museum.com\/wp-content\/uploads\/2024\/03\/Everyday-Life-Jewellery-1-1.png\" data-srcset=\"https:\/\/raqqa-museum.com\/wp-content\/uploads\/2024\/03\/Everyday-Life-Jewellery-1-1.png 728w, https:\/\/raqqa-museum.com\/wp-content\/uploads\/2024\/03\/Everyday-Life-Jewellery-1-1-229x300.png 229w\" data-sizes=\"(max-width: 728px) 100vw, 728px\" data-aspect=\"0.76310272536688\" \/><\/figure>\t\t\t\t<\/figure>\n\t\t\t\t<span class=\"lqd-pf-overlay-bg lqd-overlay d-flex align-items-center justify-content-center\">\n\t\t\t\t\t<i class=\"lqd-icn-ess icon-md-arrow-forward\"><\/i>\n\t\t\t\t<\/span>\n\t\t\t<\/div>\n\n\t\t\t<div class=\"lqd-pf-details\">\n\t\t\t\t\t\t\t\t<h2 class=\"lqd-pf-title mt-0 mb-1 h5\">Mihrabek ji meqama Weys\u00ea Qeran<\/h2>\t\t\t\t<ul class=\"reset-ul inline-nav lqd-pf-cat lqd-lp-cat d-inline-flex pos-rel z-index-2\"><li><a href=\"https:\/\/raqqa-museum.com\/ku\/portfolio-category\/mausoleum-ku-2\/\">Mausoleum<\/a><\/li><\/ul>\n\t\t\t<\/div>\n\n\t\t\t<a href=\"https:\/\/raqqa-museum.com\/ku\/portfolio\/miirab-ji-mezargeha-uwais\/\"  class=\"lqd-overlay lqd-pf-overlay-link lqd-cc-icon-trigger\" data-cc-icon-color=\"\"><\/a>\n\t\t<\/div>\n\t<\/article>\n\n<\/div><div class=\"lqd-pf-column col-md-4 col-sm-6 col-xs-12 col-sm-6 col-xs-12 masonry-item bullets-ku-2\">\n\n\t<article id=\"post-14485\" class=\"lqd-pf-item lqd-pf-item-style-2 lqd-pf-overlay-bg-scale lqd-pf-color-custom pf-details-h-str post-14485 liquid-portfolio type-liquid-portfolio status-publish format-standard has-post-thumbnail hentry liquid-portfolio-category-bullets-ku-2\">\n\t\t<div class=\"lqd-pf-item-inner\">\n\n\t\t\t<div class=\"lqd-pf-img mb-3 pos-rel border-radius-6 overflow-hidden\">\n\t\t\t\t<figure>\n\t\t\t\t\t<figure  class=\"w-100\"><img loading=\"lazy\" decoding=\"async\" width=\"728\" height=\"954\" src=\"data:image\/svg+xml;charset=utf-8,%3Csvg xmlns%3D&#039;http%3A%2F%2Fwww.w3.org%2F2000%2Fsvg&#039; viewBox%3D&#039;0 0 728 954&#039;%2F%3E\" class=\"w-100 ld-lazyload wp-post-image\" alt=\"\" data-src=\"https:\/\/raqqa-museum.com\/wp-content\/uploads\/2024\/03\/Preserving-Peace-Weapons.png\" data-srcset=\"https:\/\/raqqa-museum.com\/wp-content\/uploads\/2024\/03\/Preserving-Peace-Weapons.png 728w, https:\/\/raqqa-museum.com\/wp-content\/uploads\/2024\/03\/Preserving-Peace-Weapons-229x300.png 229w\" data-sizes=\"(max-width: 728px) 100vw, 728px\" data-aspect=\"0.76310272536688\" \/><\/figure>\t\t\t\t<\/figure>\n\t\t\t\t<span class=\"lqd-pf-overlay-bg lqd-overlay d-flex align-items-center justify-content-center\">\n\t\t\t\t\t<i class=\"lqd-icn-ess icon-md-arrow-forward\"><\/i>\n\t\t\t\t<\/span>\n\t\t\t<\/div>\n\n\t\t\t<div class=\"lqd-pf-details\">\n\t\t\t\t\t\t\t\t<h2 class=\"lqd-pf-title mt-0 mb-1 h5\">Parastina a\u015ftiy\u00ea<\/h2>\t\t\t\t<ul class=\"reset-ul inline-nav lqd-pf-cat lqd-lp-cat d-inline-flex pos-rel z-index-2\"><li><a href=\"https:\/\/raqqa-museum.com\/ku\/portfolio-category\/bullets-ku-2\/\">Bullets<\/a><\/li><\/ul>\n\t\t\t<\/div>\n\n\t\t\t<a href=\"https:\/\/raqqa-museum.com\/ku\/portfolio\/parastina-astiye\/\"  class=\"lqd-overlay lqd-pf-overlay-link lqd-cc-icon-trigger\" data-cc-icon-color=\"\"><\/a>\n\t\t<\/div>\n\t<\/article>\n\n<\/div><div class=\"lqd-pf-column col-md-4 col-sm-6 col-xs-12 col-sm-6 col-xs-12 masonry-item ceger-ku\">\n\n\t<article id=\"post-14487\" class=\"lqd-pf-item lqd-pf-item-style-2 lqd-pf-overlay-bg-scale lqd-pf-color-custom pf-details-h-str post-14487 liquid-portfolio type-liquid-portfolio status-publish format-standard has-post-thumbnail hentry liquid-portfolio-category-ceger-ku\">\n\t\t<div class=\"lqd-pf-item-inner\">\n\n\t\t\t<div class=\"lqd-pf-img mb-3 pos-rel border-radius-6 overflow-hidden\">\n\t\t\t\t<figure>\n\t\t\t\t\t<figure  class=\"w-100\"><img loading=\"lazy\" decoding=\"async\" width=\"728\" height=\"954\" src=\"data:image\/svg+xml;charset=utf-8,%3Csvg xmlns%3D&#039;http%3A%2F%2Fwww.w3.org%2F2000%2Fsvg&#039; viewBox%3D&#039;0 0 728 954&#039;%2F%3E\" class=\"w-100 ld-lazyload wp-post-image\" alt=\"\" data-src=\"https:\/\/raqqa-museum.com\/wp-content\/uploads\/2024\/03\/What-will-the-Future-bring-Liver-models.png\" data-srcset=\"https:\/\/raqqa-museum.com\/wp-content\/uploads\/2024\/03\/What-will-the-Future-bring-Liver-models.png 728w, https:\/\/raqqa-museum.com\/wp-content\/uploads\/2024\/03\/What-will-the-Future-bring-Liver-models-229x300.png 229w\" data-sizes=\"(max-width: 728px) 100vw, 728px\" data-aspect=\"0.76310272536688\" \/><\/figure>\t\t\t\t<\/figure>\n\t\t\t\t<span class=\"lqd-pf-overlay-bg lqd-overlay d-flex align-items-center justify-content-center\">\n\t\t\t\t\t<i class=\"lqd-icn-ess icon-md-arrow-forward\"><\/i>\n\t\t\t\t<\/span>\n\t\t\t<\/div>\n\n\t\t\t<div class=\"lqd-pf-details\">\n\t\t\t\t\t\t\t\t<h2 class=\"lqd-pf-title mt-0 mb-1 h5\">P\u00ea\u015feroj d\u00ea \u00e7i b\u00eene<\/h2>\t\t\t\t<ul class=\"reset-ul inline-nav lqd-pf-cat lqd-lp-cat d-inline-flex pos-rel z-index-2\"><li><a href=\"https:\/\/raqqa-museum.com\/ku\/portfolio-category\/ceger-ku\/\">Ceger<\/a><\/li><\/ul>\n\t\t\t<\/div>\n\n\t\t\t<a href=\"https:\/\/raqqa-museum.com\/ku\/portfolio\/peseroj-de-ci-bine-modelen-kezebe\/\"  class=\"lqd-overlay lqd-pf-overlay-link lqd-cc-icon-trigger\" data-cc-icon-color=\"\"><\/a>\n\t\t<\/div>\n\t<\/article>\n\n<\/div><\/div><\/div>\t\t\t\t<\/div>\n\t\t\t\t<\/div>\n\t\t\t\t\t<\/div>\n\t\t<\/div>\n\t\t\t\t\t<\/div>\n\t\t<\/section>\n\t\t<div class=\"elementor-element elementor-element-b92fcb3 e-flex e-con-boxed e-con e-parent\" data-id=\"b92fcb3\" data-element_type=\"container\">\n\t\t\t\t\t<div class=\"e-con-inner\">\n\t\t\t\t<div class=\"elementor-element elementor-element-1d3e1c0 elementor-widget elementor-widget-hub_fancy_heading\" data-id=\"1d3e1c0\" data-element_type=\"widget\" data-widget_type=\"hub_fancy_heading.default\">\n\t\t\t\t<div class=\"elementor-widget-container\">\n\t\t\t\t\t\n\t\t<div id=\"ld-fancy-heading-69dbb2c62dee9\" class=\"ld-fancy-heading pos-rel\">\n\t\t\t<h2 class=\"ld-fh-element d-inline-block pos-rel  elementor-heading-title lqd-highlight-classic lqd-highlight-grow-left h2\"  > Serniv\u00eesa xwe li vir z\u00eade bikin<\/h2>\t\t<\/div>\n\n\t\t\t\t\t\t<\/div>\n\t\t\t\t<\/div>\n\t\t\t\t\t<\/div>\n\t\t\t\t<\/div>\n\t\t\t\t<\/div>\n\t\t","protected":false},"excerpt":{"rendered":"<p>Reqqa Demek ber\u00ea P\u00ea\u015fangeh Animal farm Provenance Another aspect of Lighting Glass Better Homes and Gardens Raqqa Deities or Humans Millennium Everyday life: Household objects Millennium Everyday life: Pins &#038; Jewellery Bronze MiI\u0302rab from the Mausoleum of Uwais Mausoleum Out of the Dark: Lighting Lamps Preserving Peace Bullets What will the Future bring: Liver models [&hellip;]<\/p>\n","protected":false},"author":1,"featured_media":0,"parent":0,"menu_order":0,"comment_status":"closed","ping_status":"closed","template":"","meta":{"footnotes":""},"class_list":["post-14340","page","type-page","status-publish","hentry"],"_links":{"self":[{"href":"https:\/\/raqqa-museum.com\/ku\/wp-json\/wp\/v2\/pages\/14340","targetHints":{"allow":["GET"]}}],"collection":[{"href":"https:\/\/raqqa-museum.com\/ku\/wp-json\/wp\/v2\/pages"}],"about":[{"href":"https:\/\/raqqa-museum.com\/ku\/wp-json\/wp\/v2\/types\/page"}],"author":[{"embeddable":true,"href":"https:\/\/raqqa-museum.com\/ku\/wp-json\/wp\/v2\/users\/1"}],"replies":[{"embeddable":true,"href":"https:\/\/raqqa-museum.com\/ku\/wp-json\/wp\/v2\/comments?post=14340"}],"version-history":[{"count":14,"href":"https:\/\/raqqa-museum.com\/ku\/wp-json\/wp\/v2\/pages\/14340\/revisions"}],"predecessor-version":[{"id":14791,"href":"https:\/\/raqqa-museum.com\/ku\/wp-json\/wp\/v2\/pages\/14340\/revisions\/14791"}],"wp:attachment":[{"href":"https:\/\/raqqa-museum.com\/ku\/wp-json\/wp\/v2\/media?parent=14340"}],"curies":[{"name":"wp","href":"https:\/\/api.w.org\/{rel}","templated":true}]}}